{"id":1723,"date":"2024-05-02T10:03:51","date_gmt":"2024-05-02T10:03:51","guid":{"rendered":"https:\/\/palazzorivola.com\/chambre-double\/"},"modified":"2026-05-04T14:03:51","modified_gmt":"2026-05-04T14:03:51","slug":"chambre-double","status":"publish","type":"page","link":"https:\/\/palazzorivola.com\/fr\/chambre-double\/","title":{"rendered":"Chambre Double"},"content":{"rendered":"\t\t<div data-elementor-type=\"wp-page\" data-elementor-id=\"1723\" class=\"elementor elementor-1723 elementor-337\" data-elementor-post-type=\"page\">\n\t\t\t\t<div class=\"elementor-element elementor-element-81ec624 elementor-hidden-desktop elementor-hidden-tablet e-flex e-con-boxed e-con e-parent\" data-id=\"81ec624\" data-element_type=\"container\" data-e-type=\"container\">\n\t\t\t\t\t<div class=\"e-con-inner\">\n\t\t\t\t<div class=\"elementor-element elementor-element-5f61e6e elementor-widget elementor-widget-html\" data-id=\"5f61e6e\" data-element_type=\"widget\" data-e-type=\"widget\" data-widget_type=\"html.default\">\n\t\t\t\t<div class=\"elementor-widget-container\">\n\t\t\t\t\t<form align=\"center\">\r\n<input type=\"button\" value=\"Retourner\" onclick=\"history.go(-1);return true;\" name=\"button\">\r\n<input\n                    class=\"apbct_special_field apbct_email_id__elementor_form\"\n                    name=\"apbct__email_id__elementor_form\"\n                    aria-label=\"apbct__label_id__elementor_form\"\n                    type=\"text\" size=\"30\" maxlength=\"200\" autocomplete=\"off\"\n                    value=\"\"\n                \/><\/form>\t\t\t\t<\/div>\n\t\t\t\t<\/div>\n\t\t\t\t\t<\/div>\n\t\t\t\t<\/div>\n\t\t<div class=\"elementor-element elementor-element-8f9a5c5 elementor-hidden-mobile e-flex e-con-boxed e-con e-parent\" data-id=\"8f9a5c5\" data-element_type=\"container\" data-e-type=\"container\">\n\t\t\t\t\t<div class=\"e-con-inner\">\n\t\t\t\t<div class=\"elementor-element elementor-element-9a79562 elementor-widget elementor-widget-html\" data-id=\"9a79562\" data-element_type=\"widget\" data-e-type=\"widget\" data-widget_type=\"html.default\">\n\t\t\t\t<div class=\"elementor-widget-container\">\n\t\t\t\t\t<form>\r\n<input type=\"button\" value=\"Retourner\" onclick=\"history.go(-1);return true;\" name=\"button\">\r\n<input\n                    class=\"apbct_special_field apbct_email_id__elementor_form\"\n                    name=\"apbct__email_id__elementor_form\"\n                    aria-label=\"apbct__label_id__elementor_form\"\n                    type=\"text\" size=\"30\" maxlength=\"200\" autocomplete=\"off\"\n                    value=\"\"\n                \/><\/form>\t\t\t\t<\/div>\n\t\t\t\t<\/div>\n\t\t\t\t\t<\/div>\n\t\t\t\t<\/div>\n\t\t<div class=\"elementor-element elementor-element-948a1cd e-flex e-con-boxed e-con e-parent\" data-id=\"948a1cd\" data-element_type=\"container\" data-e-type=\"container\">\n\t\t\t\t\t<div class=\"e-con-inner\">\n\t\t\t\t<div class=\"elementor-element elementor-element-10886f6 elementor-widget elementor-widget-text-editor\" data-id=\"10886f6\" data-element_type=\"widget\" data-e-type=\"widget\" data-widget_type=\"text-editor.default\">\n\t\t\t\t<div class=\"elementor-widget-container\">\n\t\t\t\t\t\t\t\t\t<p class=\"entry-title\">Chambre double standard<\/p>\t\t\t\t\t\t\t\t<\/div>\n\t\t\t\t<\/div>\n\t\t\t\t\t<\/div>\n\t\t\t\t<\/div>\n\t\t<div class=\"elementor-element elementor-element-6e5450f elementor-hidden-desktop elementor-hidden-tablet e-flex e-con-boxed e-con e-parent\" data-id=\"6e5450f\" data-element_type=\"container\" data-e-type=\"container\">\n\t\t\t\t\t<div class=\"e-con-inner\">\n\t\t\t\t<div class=\"elementor-element elementor-element-7242855 elementor-widget elementor-widget-text-editor\" data-id=\"7242855\" data-element_type=\"widget\" data-e-type=\"widget\" data-widget_type=\"text-editor.default\">\n\t\t\t\t<div class=\"elementor-widget-container\">\n\t\t\t\t\t\t\t\t\t<p>Grande chambre double\/\u00e0 deux lits avec salle de bain ext\u00e9rieure priv\u00e9e.<br>1 lit double ou 2 lits simples.<\/p><p dir=\"ltr\">Avec parquet, armoire du 18\u00e8me si\u00e8cle et salle de bain priv\u00e9e, elle offre une belle vue sur le jardin.<\/p>\t\t\t\t\t\t\t\t<\/div>\n\t\t\t\t<\/div>\n\t\t\t\t\t<\/div>\n\t\t\t\t<\/div>\n\t\t<div class=\"elementor-element elementor-element-bd20466 elementor-hidden-mobile e-flex e-con-boxed e-con e-parent\" data-id=\"bd20466\" data-element_type=\"container\" data-e-type=\"container\">\n\t\t\t\t\t<div class=\"e-con-inner\">\n\t\t\t\t<div class=\"elementor-element elementor-element-85bc108 elementor-widget elementor-widget-text-editor\" data-id=\"85bc108\" data-element_type=\"widget\" data-e-type=\"widget\" data-widget_type=\"text-editor.default\">\n\t\t\t\t<div class=\"elementor-widget-container\">\n\t\t\t\t\t\t\t\t\t<p>Grande chambre double\/\u00e0 deux lits avec salle de bain ext\u00e9rieure priv\u00e9e.<br>1 lit double ou 2 lits simples.<\/p><p dir=\"ltr\">Avec parquet, armoire du 18\u00e8me si\u00e8cle et salle de bain priv\u00e9e, elle offre une belle vue sur le jardin.<\/p>\t\t\t\t\t\t\t\t<\/div>\n\t\t\t\t<\/div>\n\t\t\t\t\t<\/div>\n\t\t\t\t<\/div>\n\t\t<div class=\"elementor-element elementor-element-e2f2758 e-flex e-con-boxed e-con e-parent\" data-id=\"e2f2758\" data-element_type=\"container\" data-e-type=\"container\">\n\t\t\t\t\t<div class=\"e-con-inner\">\n\t\t\t\t<div class=\"elementor-element elementor-element-2d8e919 pp-ins-normal elementor-widget elementor-widget-pp-image-gallery\" data-id=\"2d8e919\" data-element_type=\"widget\" data-e-type=\"widget\" data-widget_type=\"pp-image-gallery.default\">\n\t\t\t\t<div class=\"elementor-widget-container\">\n\t\t\t\t\t\t\t<div class=\"pp-image-gallery-container\" data-settings=\"{&quot;tilt_enable&quot;:&quot;no&quot;,&quot;layout&quot;:&quot;justified&quot;,&quot;image_spacing&quot;:10,&quot;row_height&quot;:106,&quot;last_row&quot;:&quot;justify&quot;,&quot;post_id&quot;:1723,&quot;template_id&quot;:1723,&quot;widget_id&quot;:&quot;2d8e919&quot;}\">\n\t\t\t\t\t\t\t\t\t\t\t<div class=\"pp-image-gallery pp-elementor-grid pp-image-gallery-justified\" id=\"pp-image-gallery-2d8e919\">\n\t\t\t\t\t\t\t\t<div class=\"pp-grid-item-wrap pp-group-1\" data-item-id=\"17930\">\n\t\t\t\t<div class=\"pp-grid-item pp-image\">\n\t\t\t\t\t<div class=\"pp-image-gallery-thumbnail-wrap pp-ins-filter-hover\">\n\t\t\t\t\t\t<a data-elementor-open-lightbox=\"yes\" data-elementor-lightbox-slideshow=\"2d8e919\" data-elementor-lightbox-title=\"1\" data-e-action-hash=\"#elementor-action%3Aaction%3Dlightbox%26settings%3DeyJpZCI6MTc5MzAsInVybCI6Imh0dHBzOlwvXC9wYWxhenpvcml2b2xhLmNvbVwvd3AtY29udGVudFwvdXBsb2Fkc1wvMjAyNlwvMDVcLzEtMS02LmpwZyIsInNsaWRlc2hvdyI6IjJkOGU5MTkifQ%3D%3D\" class=\"elementor-clickable pp-image-gallery-item-link\" href=\"https:\/\/palazzorivola.com\/wp-content\/uploads\/2026\/05\/1-1-6.jpg\"><div class=\"pp-ins-filter-target pp-image-gallery-thumbnail\"><img decoding=\"async\" class=\"pp-gallery-slide-image\" src=\"https:\/\/palazzorivola.com\/wp-content\/uploads\/2026\/05\/1-1-6.jpg\" alt=\"\" data-no-lazy=\"1\"\/><\/div><div class=\"pp-image-overlay pp-media-overlay\"><\/div><div class=\"pp-gallery-image-content pp-media-content\"><\/div><\/a>\t\t\t\t\t<\/div>\n\t\t\t\t<\/div>\n\t\t\t<\/div>\n\t\t\t\t\t\t<div class=\"pp-grid-item-wrap pp-group-1\" data-item-id=\"17940\">\n\t\t\t\t<div class=\"pp-grid-item pp-image\">\n\t\t\t\t\t<div class=\"pp-image-gallery-thumbnail-wrap pp-ins-filter-hover\">\n\t\t\t\t\t\t<a data-elementor-open-lightbox=\"yes\" data-elementor-lightbox-slideshow=\"2d8e919\" data-elementor-lightbox-title=\"3\" data-e-action-hash=\"#elementor-action%3Aaction%3Dlightbox%26settings%3DeyJpZCI6MTc5NDAsInVybCI6Imh0dHBzOlwvXC9wYWxhenpvcml2b2xhLmNvbVwvd3AtY29udGVudFwvdXBsb2Fkc1wvMjAyNlwvMDVcLzMtLmpwZyIsInNsaWRlc2hvdyI6IjJkOGU5MTkifQ%3D%3D\" class=\"elementor-clickable pp-image-gallery-item-link\" href=\"https:\/\/palazzorivola.com\/wp-content\/uploads\/2026\/05\/3-.jpg\"><div class=\"pp-ins-filter-target pp-image-gallery-thumbnail\"><img decoding=\"async\" class=\"pp-gallery-slide-image\" src=\"https:\/\/palazzorivola.com\/wp-content\/uploads\/2026\/05\/3-.jpg\" alt=\"\" data-no-lazy=\"1\"\/><\/div><div class=\"pp-image-overlay pp-media-overlay\"><\/div><div class=\"pp-gallery-image-content pp-media-content\"><\/div><\/a>\t\t\t\t\t<\/div>\n\t\t\t\t<\/div>\n\t\t\t<\/div>\n\t\t\t\t\t\t<div class=\"pp-grid-item-wrap pp-group-1\" data-item-id=\"17950\">\n\t\t\t\t<div class=\"pp-grid-item pp-image\">\n\t\t\t\t\t<div class=\"pp-image-gallery-thumbnail-wrap pp-ins-filter-hover\">\n\t\t\t\t\t\t<a data-elementor-open-lightbox=\"yes\" data-elementor-lightbox-slideshow=\"2d8e919\" data-elementor-lightbox-title=\"5\" data-e-action-hash=\"#elementor-action%3Aaction%3Dlightbox%26settings%3DeyJpZCI6MTc5NTAsInVybCI6Imh0dHBzOlwvXC9wYWxhenpvcml2b2xhLmNvbVwvd3AtY29udGVudFwvdXBsb2Fkc1wvMjAyNlwvMDVcLzUtLmpwZyIsInNsaWRlc2hvdyI6IjJkOGU5MTkifQ%3D%3D\" class=\"elementor-clickable pp-image-gallery-item-link\" href=\"https:\/\/palazzorivola.com\/wp-content\/uploads\/2026\/05\/5-.jpg\"><div class=\"pp-ins-filter-target pp-image-gallery-thumbnail\"><img decoding=\"async\" class=\"pp-gallery-slide-image\" src=\"https:\/\/palazzorivola.com\/wp-content\/uploads\/2026\/05\/5-.jpg\" alt=\"\" data-no-lazy=\"1\"\/><\/div><div class=\"pp-image-overlay pp-media-overlay\"><\/div><div class=\"pp-gallery-image-content pp-media-content\"><\/div><\/a>\t\t\t\t\t<\/div>\n\t\t\t\t<\/div>\n\t\t\t<\/div>\n\t\t\t\t\t\t<div class=\"pp-grid-item-wrap pp-group-1\" data-item-id=\"17955\">\n\t\t\t\t<div class=\"pp-grid-item pp-image\">\n\t\t\t\t\t<div class=\"pp-image-gallery-thumbnail-wrap pp-ins-filter-hover\">\n\t\t\t\t\t\t<a data-elementor-open-lightbox=\"yes\" data-elementor-lightbox-slideshow=\"2d8e919\" data-elementor-lightbox-title=\"6\" data-e-action-hash=\"#elementor-action%3Aaction%3Dlightbox%26settings%3DeyJpZCI6MTc5NTUsInVybCI6Imh0dHBzOlwvXC9wYWxhenpvcml2b2xhLmNvbVwvd3AtY29udGVudFwvdXBsb2Fkc1wvMjAyNlwvMDVcLzYtLmpwZyIsInNsaWRlc2hvdyI6IjJkOGU5MTkifQ%3D%3D\" class=\"elementor-clickable pp-image-gallery-item-link\" href=\"https:\/\/palazzorivola.com\/wp-content\/uploads\/2026\/05\/6-.jpg\"><div class=\"pp-ins-filter-target pp-image-gallery-thumbnail\"><img decoding=\"async\" class=\"pp-gallery-slide-image\" src=\"https:\/\/palazzorivola.com\/wp-content\/uploads\/2026\/05\/6-.jpg\" alt=\"\" data-no-lazy=\"1\"\/><\/div><div class=\"pp-image-overlay pp-media-overlay\"><\/div><div class=\"pp-gallery-image-content pp-media-content\"><\/div><\/a>\t\t\t\t\t<\/div>\n\t\t\t\t<\/div>\n\t\t\t<\/div>\n\t\t\t\t\t\t<div class=\"pp-grid-item-wrap pp-group-1\" data-item-id=\"17960\">\n\t\t\t\t<div class=\"pp-grid-item pp-image\">\n\t\t\t\t\t<div class=\"pp-image-gallery-thumbnail-wrap pp-ins-filter-hover\">\n\t\t\t\t\t\t<a data-elementor-open-lightbox=\"yes\" data-elementor-lightbox-slideshow=\"2d8e919\" data-elementor-lightbox-title=\"7\" data-e-action-hash=\"#elementor-action%3Aaction%3Dlightbox%26settings%3DeyJpZCI6MTc5NjAsInVybCI6Imh0dHBzOlwvXC9wYWxhenpvcml2b2xhLmNvbVwvd3AtY29udGVudFwvdXBsb2Fkc1wvMjAyNlwvMDVcLzctLmpwZyIsInNsaWRlc2hvdyI6IjJkOGU5MTkifQ%3D%3D\" class=\"elementor-clickable pp-image-gallery-item-link\" href=\"https:\/\/palazzorivola.com\/wp-content\/uploads\/2026\/05\/7-.jpg\"><div class=\"pp-ins-filter-target pp-image-gallery-thumbnail\"><img decoding=\"async\" class=\"pp-gallery-slide-image\" src=\"https:\/\/palazzorivola.com\/wp-content\/uploads\/2026\/05\/7-.jpg\" alt=\"\" data-no-lazy=\"1\"\/><\/div><div class=\"pp-image-overlay pp-media-overlay\"><\/div><div class=\"pp-gallery-image-content pp-media-content\"><\/div><\/a>\t\t\t\t\t<\/div>\n\t\t\t\t<\/div>\n\t\t\t<\/div>\n\t\t\t\t\t\t<div class=\"pp-grid-item-wrap pp-group-1\" data-item-id=\"17965\">\n\t\t\t\t<div class=\"pp-grid-item pp-image\">\n\t\t\t\t\t<div class=\"pp-image-gallery-thumbnail-wrap pp-ins-filter-hover\">\n\t\t\t\t\t\t<a data-elementor-open-lightbox=\"yes\" data-elementor-lightbox-slideshow=\"2d8e919\" data-elementor-lightbox-title=\"8\" data-e-action-hash=\"#elementor-action%3Aaction%3Dlightbox%26settings%3DeyJpZCI6MTc5NjUsInVybCI6Imh0dHBzOlwvXC9wYWxhenpvcml2b2xhLmNvbVwvd3AtY29udGVudFwvdXBsb2Fkc1wvMjAyNlwvMDVcLzgtLmpwZyIsInNsaWRlc2hvdyI6IjJkOGU5MTkifQ%3D%3D\" class=\"elementor-clickable pp-image-gallery-item-link\" href=\"https:\/\/palazzorivola.com\/wp-content\/uploads\/2026\/05\/8-.jpg\"><div class=\"pp-ins-filter-target pp-image-gallery-thumbnail\"><img decoding=\"async\" class=\"pp-gallery-slide-image\" src=\"https:\/\/palazzorivola.com\/wp-content\/uploads\/2026\/05\/8-.jpg\" alt=\"\" data-no-lazy=\"1\"\/><\/div><div class=\"pp-image-overlay pp-media-overlay\"><\/div><div class=\"pp-gallery-image-content pp-media-content\"><\/div><\/a>\t\t\t\t\t<\/div>\n\t\t\t\t<\/div>\n\t\t\t<\/div>\n\t\t\t\t\t\t<div class=\"pp-grid-item-wrap pp-group-1\" data-item-id=\"17945\">\n\t\t\t\t<div class=\"pp-grid-item pp-image\">\n\t\t\t\t\t<div class=\"pp-image-gallery-thumbnail-wrap pp-ins-filter-hover\">\n\t\t\t\t\t\t<a data-elementor-open-lightbox=\"yes\" data-elementor-lightbox-slideshow=\"2d8e919\" data-elementor-lightbox-title=\"4\" data-e-action-hash=\"#elementor-action%3Aaction%3Dlightbox%26settings%3DeyJpZCI6MTc5NDUsInVybCI6Imh0dHBzOlwvXC9wYWxhenpvcml2b2xhLmNvbVwvd3AtY29udGVudFwvdXBsb2Fkc1wvMjAyNlwvMDVcLzQtLmpwZyIsInNsaWRlc2hvdyI6IjJkOGU5MTkifQ%3D%3D\" class=\"elementor-clickable pp-image-gallery-item-link\" href=\"https:\/\/palazzorivola.com\/wp-content\/uploads\/2026\/05\/4-.jpg\"><div class=\"pp-ins-filter-target pp-image-gallery-thumbnail\"><img decoding=\"async\" class=\"pp-gallery-slide-image\" src=\"https:\/\/palazzorivola.com\/wp-content\/uploads\/2026\/05\/4-.jpg\" alt=\"\" data-no-lazy=\"1\"\/><\/div><div class=\"pp-image-overlay pp-media-overlay\"><\/div><div class=\"pp-gallery-image-content pp-media-content\"><\/div><\/a>\t\t\t\t\t<\/div>\n\t\t\t\t<\/div>\n\t\t\t<\/div>\n\t\t\t\t\t\t<div class=\"pp-grid-item-wrap pp-group-1\" data-item-id=\"17935\">\n\t\t\t\t<div class=\"pp-grid-item pp-image\">\n\t\t\t\t\t<div class=\"pp-image-gallery-thumbnail-wrap pp-ins-filter-hover\">\n\t\t\t\t\t\t<a data-elementor-open-lightbox=\"yes\" data-elementor-lightbox-slideshow=\"2d8e919\" data-elementor-lightbox-title=\"2\" data-e-action-hash=\"#elementor-action%3Aaction%3Dlightbox%26settings%3DeyJpZCI6MTc5MzUsInVybCI6Imh0dHBzOlwvXC9wYWxhenpvcml2b2xhLmNvbVwvd3AtY29udGVudFwvdXBsb2Fkc1wvMjAyNlwvMDVcLzItLmpwZyIsInNsaWRlc2hvdyI6IjJkOGU5MTkifQ%3D%3D\" class=\"elementor-clickable pp-image-gallery-item-link\" href=\"https:\/\/palazzorivola.com\/wp-content\/uploads\/2026\/05\/2-.jpg\"><div class=\"pp-ins-filter-target pp-image-gallery-thumbnail\"><img decoding=\"async\" class=\"pp-gallery-slide-image\" src=\"https:\/\/palazzorivola.com\/wp-content\/uploads\/2026\/05\/2-.jpg\" alt=\"\" data-no-lazy=\"1\"\/><\/div><div class=\"pp-image-overlay pp-media-overlay\"><\/div><div class=\"pp-gallery-image-content pp-media-content\"><\/div><\/a>\t\t\t\t\t<\/div>\n\t\t\t\t<\/div>\n\t\t\t<\/div>\n\t\t\t\t\t\t\t<\/div>\n\t\t\t\t\t\t<\/div>\n\t\t\t\t\t\t<\/div>\n\t\t\t\t<\/div>\n\t\t\t\t\t<\/div>\n\t\t\t\t<\/div>\n\t\t\t\t<\/div>\n\t\t","protected":false},"excerpt":{"rendered":"<p>Chambre double standard Grande chambre double\/\u00e0 deux lits avec salle de bain ext\u00e9rieure priv\u00e9e.1 lit double ou 2 lits simples. Avec parquet, armoire du 18\u00e8me si\u00e8cle et salle de bain priv\u00e9e, elle offre une belle vue sur le jardin. Grande chambre double\/\u00e0 deux lits avec salle de bain ext\u00e9rieure priv\u00e9e.1 lit double ou 2 lits [&hellip;]<\/p>\n","protected":false},"author":1,"featured_media":0,"parent":0,"menu_order":0,"comment_status":"closed","ping_status":"closed","template":"","meta":{"_seopress_robots_primary_cat":"","_seopress_titles_title":"","_seopress_titles_desc":"","_seopress_robots_index":"","footnotes":""},"class_list":["post-1723","page","type-page","status-publish","hentry"],"_links":{"self":[{"href":"https:\/\/palazzorivola.com\/fr\/wp-json\/wp\/v2\/pages\/1723","targetHints":{"allow":["GET"]}}],"collection":[{"href":"https:\/\/palazzorivola.com\/fr\/wp-json\/wp\/v2\/pages"}],"about":[{"href":"https:\/\/palazzorivola.com\/fr\/wp-json\/wp\/v2\/types\/page"}],"author":[{"embeddable":true,"href":"https:\/\/palazzorivola.com\/fr\/wp-json\/wp\/v2\/users\/1"}],"replies":[{"embeddable":true,"href":"https:\/\/palazzorivola.com\/fr\/wp-json\/wp\/v2\/comments?post=1723"}],"version-history":[{"count":0,"href":"https:\/\/palazzorivola.com\/fr\/wp-json\/wp\/v2\/pages\/1723\/revisions"}],"wp:attachment":[{"href":"https:\/\/palazzorivola.com\/fr\/wp-json\/wp\/v2\/media?parent=1723"}],"curies":[{"name":"wp","href":"https:\/\/api.w.org\/{rel}","templated":true}]}}