{"id":1719,"date":"2024-05-02T10:03:51","date_gmt":"2024-05-02T10:03:51","guid":{"rendered":"https:\/\/palazzorivola.com\/doble-habitacion\/"},"modified":"2026-01-30T13:58:47","modified_gmt":"2026-01-30T13:58:47","slug":"doble-habitacion","status":"publish","type":"page","link":"https:\/\/palazzorivola.com\/es\/doble-habitacion\/","title":{"rendered":"Doble habitacion"},"content":{"rendered":"\t\t<div data-elementor-type=\"wp-page\" data-elementor-id=\"1719\" class=\"elementor elementor-1719 elementor-337\" data-elementor-post-type=\"page\">\n\t\t\t\t<div class=\"elementor-element elementor-element-81ec624 elementor-hidden-desktop elementor-hidden-tablet e-flex e-con-boxed e-con e-parent\" data-id=\"81ec624\" data-element_type=\"container\" data-e-type=\"container\">\n\t\t\t\t\t<div class=\"e-con-inner\">\n\t\t\t\t<div class=\"elementor-element elementor-element-5f61e6e elementor-widget elementor-widget-html\" data-id=\"5f61e6e\" data-element_type=\"widget\" data-e-type=\"widget\" data-widget_type=\"html.default\">\n\t\t\t\t<div class=\"elementor-widget-container\">\n\t\t\t\t\t<form align=\"center\">\r\n<input type=\"button\" value=\"Regresar\" onclick=\"history.go(-1);return true;\" name=\"button\">\r\n<input\n                    class=\"apbct_special_field apbct_email_id__elementor_form\"\n                    name=\"apbct__email_id__elementor_form\"\n                    aria-label=\"apbct__label_id__elementor_form\"\n                    type=\"text\" size=\"30\" maxlength=\"200\" autocomplete=\"off\"\n                    value=\"\"\n                \/><\/form>\t\t\t\t<\/div>\n\t\t\t\t<\/div>\n\t\t\t\t\t<\/div>\n\t\t\t\t<\/div>\n\t\t<div class=\"elementor-element elementor-element-8f9a5c5 elementor-hidden-mobile e-flex e-con-boxed e-con e-parent\" data-id=\"8f9a5c5\" data-element_type=\"container\" data-e-type=\"container\">\n\t\t\t\t\t<div class=\"e-con-inner\">\n\t\t\t\t<div class=\"elementor-element elementor-element-9a79562 elementor-widget elementor-widget-html\" data-id=\"9a79562\" data-element_type=\"widget\" data-e-type=\"widget\" data-widget_type=\"html.default\">\n\t\t\t\t<div class=\"elementor-widget-container\">\n\t\t\t\t\t<form>\r\n<input type=\"button\" value=\"Regresar\" onclick=\"history.go(-1);return true;\" name=\"button\">\r\n<input\n                    class=\"apbct_special_field apbct_email_id__elementor_form\"\n                    name=\"apbct__email_id__elementor_form\"\n                    aria-label=\"apbct__label_id__elementor_form\"\n                    type=\"text\" size=\"30\" maxlength=\"200\" autocomplete=\"off\"\n                    value=\"\"\n                \/><\/form>\t\t\t\t<\/div>\n\t\t\t\t<\/div>\n\t\t\t\t\t<\/div>\n\t\t\t\t<\/div>\n\t\t<div class=\"elementor-element elementor-element-948a1cd e-flex e-con-boxed e-con e-parent\" data-id=\"948a1cd\" data-element_type=\"container\" data-e-type=\"container\">\n\t\t\t\t\t<div class=\"e-con-inner\">\n\t\t\t\t<div class=\"elementor-element elementor-element-10886f6 elementor-widget elementor-widget-text-editor\" data-id=\"10886f6\" data-element_type=\"widget\" data-e-type=\"widget\" data-widget_type=\"text-editor.default\">\n\t\t\t\t<div class=\"elementor-widget-container\">\n\t\t\t\t\t\t\t\t\t<p class=\"entry-title\">Habitaci\u00f3n Doble Est\u00e1ndar<\/p>\t\t\t\t\t\t\t\t<\/div>\n\t\t\t\t<\/div>\n\t\t\t\t\t<\/div>\n\t\t\t\t<\/div>\n\t\t<div class=\"elementor-element elementor-element-6e5450f elementor-hidden-desktop elementor-hidden-tablet e-flex e-con-boxed e-con e-parent\" data-id=\"6e5450f\" data-element_type=\"container\" data-e-type=\"container\">\n\t\t\t\t\t<div class=\"e-con-inner\">\n\t\t\t\t<div class=\"elementor-element elementor-element-7242855 elementor-widget elementor-widget-text-editor\" data-id=\"7242855\" data-element_type=\"widget\" data-e-type=\"widget\" data-widget_type=\"text-editor.default\">\n\t\t\t\t<div class=\"elementor-widget-container\">\n\t\t\t\t\t\t\t\t\t<p>Habitaci\u00f3n amplia con cama doble o dos individuales y ba\u00f1o privado externo.<br>1 cama doble o 2 camas individuales.<\/p><p dir=\"ltr\">Con piso de madera, armario del siglo XVIII y ba\u00f1o privado tiene una hermosa vista al jard\u00edn.<\/p>\t\t\t\t\t\t\t\t<\/div>\n\t\t\t\t<\/div>\n\t\t\t\t\t<\/div>\n\t\t\t\t<\/div>\n\t\t<div class=\"elementor-element elementor-element-bd20466 elementor-hidden-mobile e-flex e-con-boxed e-con e-parent\" data-id=\"bd20466\" data-element_type=\"container\" data-e-type=\"container\">\n\t\t\t\t\t<div class=\"e-con-inner\">\n\t\t\t\t<div class=\"elementor-element elementor-element-85bc108 elementor-widget elementor-widget-text-editor\" data-id=\"85bc108\" data-element_type=\"widget\" data-e-type=\"widget\" data-widget_type=\"text-editor.default\">\n\t\t\t\t<div class=\"elementor-widget-container\">\n\t\t\t\t\t\t\t\t\t<p>Habitaci\u00f3n amplia con cama doble o dos individuales y ba\u00f1o privado externo.<br>1 cama doble o 2 camas individuales.<\/p><p dir=\"ltr\">Con piso de madera, armario del siglo XVIII y ba\u00f1o privado tiene una hermosa vista al jard\u00edn.<\/p>\t\t\t\t\t\t\t\t<\/div>\n\t\t\t\t<\/div>\n\t\t\t\t\t<\/div>\n\t\t\t\t<\/div>\n\t\t<div class=\"elementor-element elementor-element-e2f2758 e-flex e-con-boxed e-con e-parent\" data-id=\"e2f2758\" data-element_type=\"container\" data-e-type=\"container\">\n\t\t\t\t\t<div class=\"e-con-inner\">\n\t\t\t\t<div class=\"elementor-element elementor-element-2d8e919 pp-ins-normal elementor-widget elementor-widget-pp-image-gallery\" data-id=\"2d8e919\" data-element_type=\"widget\" data-e-type=\"widget\" data-widget_type=\"pp-image-gallery.default\">\n\t\t\t\t<div class=\"elementor-widget-container\">\n\t\t\t\t\t\t\t<div class=\"pp-image-gallery-container\" data-settings=\"{&quot;tilt_enable&quot;:&quot;no&quot;,&quot;layout&quot;:&quot;justified&quot;,&quot;image_spacing&quot;:10,&quot;row_height&quot;:106,&quot;last_row&quot;:&quot;justify&quot;,&quot;post_id&quot;:1719,&quot;template_id&quot;:1719,&quot;widget_id&quot;:&quot;2d8e919&quot;}\">\n\t\t\t\t\t\t\t\t\t\t\t<div class=\"pp-image-gallery pp-elementor-grid pp-image-gallery-justified\" id=\"pp-image-gallery-2d8e919\">\n\t\t\t\t\t\t\t\t<div class=\"pp-grid-item-wrap pp-group-1\" data-item-id=\"1048\">\n\t\t\t\t<div class=\"pp-grid-item pp-image\">\n\t\t\t\t\t<div class=\"pp-image-gallery-thumbnail-wrap pp-ins-filter-hover\">\n\t\t\t\t\t\t<a data-elementor-open-lightbox=\"yes\" data-elementor-lightbox-slideshow=\"2d8e919\" data-elementor-lightbox-title=\"000126\" data-e-action-hash=\"#elementor-action%3Aaction%3Dlightbox%26settings%3DeyJpZCI6MTA0OCwidXJsIjoiaHR0cHM6XC9cL3BhbGF6em9yaXZvbGEuY29tXC93cC1jb250ZW50XC91cGxvYWRzXC8yMDI0XC8wNVwvMDAwMTI2LmpwZyIsInNsaWRlc2hvdyI6IjJkOGU5MTkifQ%3D%3D\" class=\"elementor-clickable pp-image-gallery-item-link\" href=\"https:\/\/palazzorivola.com\/wp-content\/uploads\/2024\/05\/000126.jpg\"><div class=\"pp-ins-filter-target pp-image-gallery-thumbnail\"><img decoding=\"async\" class=\"pp-gallery-slide-image\" src=\"https:\/\/palazzorivola.com\/wp-content\/uploads\/2024\/05\/000126.jpg\" alt=\"\" data-no-lazy=\"1\"\/><\/div><div class=\"pp-image-overlay pp-media-overlay\"><\/div><div class=\"pp-gallery-image-content pp-media-content\"><\/div><\/a>\t\t\t\t\t<\/div>\n\t\t\t\t<\/div>\n\t\t\t<\/div>\n\t\t\t\t\t\t<div class=\"pp-grid-item-wrap pp-group-1\" data-item-id=\"1073\">\n\t\t\t\t<div class=\"pp-grid-item pp-image\">\n\t\t\t\t\t<div class=\"pp-image-gallery-thumbnail-wrap pp-ins-filter-hover\">\n\t\t\t\t\t\t<a data-elementor-open-lightbox=\"yes\" data-elementor-lightbox-slideshow=\"2d8e919\" data-elementor-lightbox-title=\"000130\" data-e-action-hash=\"#elementor-action%3Aaction%3Dlightbox%26settings%3DeyJpZCI6MTA3MywidXJsIjoiaHR0cHM6XC9cL3BhbGF6em9yaXZvbGEuY29tXC93cC1jb250ZW50XC91cGxvYWRzXC8yMDI0XC8wNVwvMDAwMTMwLmpwZyIsInNsaWRlc2hvdyI6IjJkOGU5MTkifQ%3D%3D\" class=\"elementor-clickable pp-image-gallery-item-link\" href=\"https:\/\/palazzorivola.com\/wp-content\/uploads\/2024\/05\/000130.jpg\"><div class=\"pp-ins-filter-target pp-image-gallery-thumbnail\"><img decoding=\"async\" class=\"pp-gallery-slide-image\" src=\"https:\/\/palazzorivola.com\/wp-content\/uploads\/2024\/05\/000130.jpg\" alt=\"\" data-no-lazy=\"1\"\/><\/div><div class=\"pp-image-overlay pp-media-overlay\"><\/div><div class=\"pp-gallery-image-content pp-media-content\"><\/div><\/a>\t\t\t\t\t<\/div>\n\t\t\t\t<\/div>\n\t\t\t<\/div>\n\t\t\t\t\t\t<div class=\"pp-grid-item-wrap pp-group-1\" data-item-id=\"1063\">\n\t\t\t\t<div class=\"pp-grid-item pp-image\">\n\t\t\t\t\t<div class=\"pp-image-gallery-thumbnail-wrap pp-ins-filter-hover\">\n\t\t\t\t\t\t<a data-elementor-open-lightbox=\"yes\" data-elementor-lightbox-slideshow=\"2d8e919\" data-elementor-lightbox-title=\"000129\" data-e-action-hash=\"#elementor-action%3Aaction%3Dlightbox%26settings%3DeyJpZCI6MTA2MywidXJsIjoiaHR0cHM6XC9cL3BhbGF6em9yaXZvbGEuY29tXC93cC1jb250ZW50XC91cGxvYWRzXC8yMDI0XC8wNVwvMDAwMTI5LmpwZyIsInNsaWRlc2hvdyI6IjJkOGU5MTkifQ%3D%3D\" class=\"elementor-clickable pp-image-gallery-item-link\" href=\"https:\/\/palazzorivola.com\/wp-content\/uploads\/2024\/05\/000129.jpg\"><div class=\"pp-ins-filter-target pp-image-gallery-thumbnail\"><img decoding=\"async\" class=\"pp-gallery-slide-image\" src=\"https:\/\/palazzorivola.com\/wp-content\/uploads\/2024\/05\/000129.jpg\" alt=\"\" data-no-lazy=\"1\"\/><\/div><div class=\"pp-image-overlay pp-media-overlay\"><\/div><div class=\"pp-gallery-image-content pp-media-content\"><\/div><\/a>\t\t\t\t\t<\/div>\n\t\t\t\t<\/div>\n\t\t\t<\/div>\n\t\t\t\t\t\t<div class=\"pp-grid-item-wrap pp-group-1\" data-item-id=\"1078\">\n\t\t\t\t<div class=\"pp-grid-item pp-image\">\n\t\t\t\t\t<div class=\"pp-image-gallery-thumbnail-wrap pp-ins-filter-hover\">\n\t\t\t\t\t\t<a data-elementor-open-lightbox=\"yes\" data-elementor-lightbox-slideshow=\"2d8e919\" data-elementor-lightbox-title=\"000131\" data-e-action-hash=\"#elementor-action%3Aaction%3Dlightbox%26settings%3DeyJpZCI6MTA3OCwidXJsIjoiaHR0cHM6XC9cL3BhbGF6em9yaXZvbGEuY29tXC93cC1jb250ZW50XC91cGxvYWRzXC8yMDI0XC8wNVwvMDAwMTMxLmpwZyIsInNsaWRlc2hvdyI6IjJkOGU5MTkifQ%3D%3D\" class=\"elementor-clickable pp-image-gallery-item-link\" href=\"https:\/\/palazzorivola.com\/wp-content\/uploads\/2024\/05\/000131.jpg\"><div class=\"pp-ins-filter-target pp-image-gallery-thumbnail\"><img decoding=\"async\" class=\"pp-gallery-slide-image\" src=\"https:\/\/palazzorivola.com\/wp-content\/uploads\/2024\/05\/000131.jpg\" alt=\"\" data-no-lazy=\"1\"\/><\/div><div class=\"pp-image-overlay pp-media-overlay\"><\/div><div class=\"pp-gallery-image-content pp-media-content\"><\/div><\/a>\t\t\t\t\t<\/div>\n\t\t\t\t<\/div>\n\t\t\t<\/div>\n\t\t\t\t\t\t<div class=\"pp-grid-item-wrap pp-group-1\" data-item-id=\"1083\">\n\t\t\t\t<div class=\"pp-grid-item pp-image\">\n\t\t\t\t\t<div class=\"pp-image-gallery-thumbnail-wrap pp-ins-filter-hover\">\n\t\t\t\t\t\t<a data-elementor-open-lightbox=\"yes\" data-elementor-lightbox-slideshow=\"2d8e919\" data-elementor-lightbox-title=\"000132\" data-e-action-hash=\"#elementor-action%3Aaction%3Dlightbox%26settings%3DeyJpZCI6MTA4MywidXJsIjoiaHR0cHM6XC9cL3BhbGF6em9yaXZvbGEuY29tXC93cC1jb250ZW50XC91cGxvYWRzXC8yMDI0XC8wNVwvMDAwMTMyLmpwZyIsInNsaWRlc2hvdyI6IjJkOGU5MTkifQ%3D%3D\" class=\"elementor-clickable pp-image-gallery-item-link\" href=\"https:\/\/palazzorivola.com\/wp-content\/uploads\/2024\/05\/000132.jpg\"><div class=\"pp-ins-filter-target pp-image-gallery-thumbnail\"><img decoding=\"async\" class=\"pp-gallery-slide-image\" src=\"https:\/\/palazzorivola.com\/wp-content\/uploads\/2024\/05\/000132.jpg\" alt=\"\" data-no-lazy=\"1\"\/><\/div><div class=\"pp-image-overlay pp-media-overlay\"><\/div><div class=\"pp-gallery-image-content pp-media-content\"><\/div><\/a>\t\t\t\t\t<\/div>\n\t\t\t\t<\/div>\n\t\t\t<\/div>\n\t\t\t\t\t\t<div class=\"pp-grid-item-wrap pp-group-1\" data-item-id=\"1088\">\n\t\t\t\t<div class=\"pp-grid-item pp-image\">\n\t\t\t\t\t<div class=\"pp-image-gallery-thumbnail-wrap pp-ins-filter-hover\">\n\t\t\t\t\t\t<a data-elementor-open-lightbox=\"yes\" data-elementor-lightbox-slideshow=\"2d8e919\" data-elementor-lightbox-title=\"000133\" data-e-action-hash=\"#elementor-action%3Aaction%3Dlightbox%26settings%3DeyJpZCI6MTA4OCwidXJsIjoiaHR0cHM6XC9cL3BhbGF6em9yaXZvbGEuY29tXC93cC1jb250ZW50XC91cGxvYWRzXC8yMDI0XC8wNVwvMDAwMTMzLmpwZyIsInNsaWRlc2hvdyI6IjJkOGU5MTkifQ%3D%3D\" class=\"elementor-clickable pp-image-gallery-item-link\" href=\"https:\/\/palazzorivola.com\/wp-content\/uploads\/2024\/05\/000133.jpg\"><div class=\"pp-ins-filter-target pp-image-gallery-thumbnail\"><img decoding=\"async\" class=\"pp-gallery-slide-image\" src=\"https:\/\/palazzorivola.com\/wp-content\/uploads\/2024\/05\/000133.jpg\" alt=\"\" data-no-lazy=\"1\"\/><\/div><div class=\"pp-image-overlay pp-media-overlay\"><\/div><div class=\"pp-gallery-image-content pp-media-content\"><\/div><\/a>\t\t\t\t\t<\/div>\n\t\t\t\t<\/div>\n\t\t\t<\/div>\n\t\t\t\t\t\t<div class=\"pp-grid-item-wrap pp-group-1\" data-item-id=\"1093\">\n\t\t\t\t<div class=\"pp-grid-item pp-image\">\n\t\t\t\t\t<div class=\"pp-image-gallery-thumbnail-wrap pp-ins-filter-hover\">\n\t\t\t\t\t\t<a data-elementor-open-lightbox=\"yes\" data-elementor-lightbox-slideshow=\"2d8e919\" data-elementor-lightbox-title=\"000134\" data-e-action-hash=\"#elementor-action%3Aaction%3Dlightbox%26settings%3DeyJpZCI6MTA5MywidXJsIjoiaHR0cHM6XC9cL3BhbGF6em9yaXZvbGEuY29tXC93cC1jb250ZW50XC91cGxvYWRzXC8yMDI0XC8wNVwvMDAwMTM0LmpwZyIsInNsaWRlc2hvdyI6IjJkOGU5MTkifQ%3D%3D\" class=\"elementor-clickable pp-image-gallery-item-link\" href=\"https:\/\/palazzorivola.com\/wp-content\/uploads\/2024\/05\/000134.jpg\"><div class=\"pp-ins-filter-target pp-image-gallery-thumbnail\"><img decoding=\"async\" class=\"pp-gallery-slide-image\" src=\"https:\/\/palazzorivola.com\/wp-content\/uploads\/2024\/05\/000134.jpg\" alt=\"\" data-no-lazy=\"1\"\/><\/div><div class=\"pp-image-overlay pp-media-overlay\"><\/div><div class=\"pp-gallery-image-content pp-media-content\"><\/div><\/a>\t\t\t\t\t<\/div>\n\t\t\t\t<\/div>\n\t\t\t<\/div>\n\t\t\t\t\t\t<div class=\"pp-grid-item-wrap pp-group-1\" data-item-id=\"1058\">\n\t\t\t\t<div class=\"pp-grid-item pp-image\">\n\t\t\t\t\t<div class=\"pp-image-gallery-thumbnail-wrap pp-ins-filter-hover\">\n\t\t\t\t\t\t<a data-elementor-open-lightbox=\"yes\" data-elementor-lightbox-slideshow=\"2d8e919\" data-elementor-lightbox-title=\"000128\" data-e-action-hash=\"#elementor-action%3Aaction%3Dlightbox%26settings%3DeyJpZCI6MTA1OCwidXJsIjoiaHR0cHM6XC9cL3BhbGF6em9yaXZvbGEuY29tXC93cC1jb250ZW50XC91cGxvYWRzXC8yMDI0XC8wNVwvMDAwMTI4LmpwZyIsInNsaWRlc2hvdyI6IjJkOGU5MTkifQ%3D%3D\" class=\"elementor-clickable pp-image-gallery-item-link\" href=\"https:\/\/palazzorivola.com\/wp-content\/uploads\/2024\/05\/000128.jpg\"><div class=\"pp-ins-filter-target pp-image-gallery-thumbnail\"><img decoding=\"async\" class=\"pp-gallery-slide-image\" src=\"https:\/\/palazzorivola.com\/wp-content\/uploads\/2024\/05\/000128.jpg\" alt=\"\" data-no-lazy=\"1\"\/><\/div><div class=\"pp-image-overlay pp-media-overlay\"><\/div><div class=\"pp-gallery-image-content pp-media-content\"><\/div><\/a>\t\t\t\t\t<\/div>\n\t\t\t\t<\/div>\n\t\t\t<\/div>\n\t\t\t\t\t\t\t<\/div>\n\t\t\t\t\t\t<\/div>\n\t\t\t\t\t\t<\/div>\n\t\t\t\t<\/div>\n\t\t\t\t\t<\/div>\n\t\t\t\t<\/div>\n\t\t\t\t<\/div>\n\t\t","protected":false},"excerpt":{"rendered":"<p>Habitaci\u00f3n Doble Est\u00e1ndar Habitaci\u00f3n amplia con cama doble o dos individuales y ba\u00f1o privado externo.1 cama doble o 2 camas individuales. Con piso de madera, armario del siglo XVIII y ba\u00f1o privado tiene una hermosa vista al jard\u00edn. Habitaci\u00f3n amplia con cama doble o dos individuales y ba\u00f1o privado externo.1 cama doble o 2 camas [&hellip;]<\/p>\n","protected":false},"author":1,"featured_media":0,"parent":0,"menu_order":0,"comment_status":"closed","ping_status":"closed","template":"","meta":{"_seopress_robots_primary_cat":"","_seopress_titles_title":"","_seopress_titles_desc":"","_seopress_robots_index":"","footnotes":""},"class_list":["post-1719","page","type-page","status-publish","hentry"],"_links":{"self":[{"href":"https:\/\/palazzorivola.com\/es\/wp-json\/wp\/v2\/pages\/1719","targetHints":{"allow":["GET"]}}],"collection":[{"href":"https:\/\/palazzorivola.com\/es\/wp-json\/wp\/v2\/pages"}],"about":[{"href":"https:\/\/palazzorivola.com\/es\/wp-json\/wp\/v2\/types\/page"}],"author":[{"embeddable":true,"href":"https:\/\/palazzorivola.com\/es\/wp-json\/wp\/v2\/users\/1"}],"replies":[{"embeddable":true,"href":"https:\/\/palazzorivola.com\/es\/wp-json\/wp\/v2\/comments?post=1719"}],"version-history":[{"count":0,"href":"https:\/\/palazzorivola.com\/es\/wp-json\/wp\/v2\/pages\/1719\/revisions"}],"wp:attachment":[{"href":"https:\/\/palazzorivola.com\/es\/wp-json\/wp\/v2\/media?parent=1719"}],"curies":[{"name":"wp","href":"https:\/\/api.w.org\/{rel}","templated":true}]}}