{"id":1731,"date":"2024-05-02T10:20:45","date_gmt":"2024-05-02T10:20:45","guid":{"rendered":"https:\/\/palazzorivola.com\/geraeumiges-doppelzimmer\/"},"modified":"2026-01-30T14:11:04","modified_gmt":"2026-01-30T14:11:04","slug":"geraeumiges-doppelzimmer","status":"publish","type":"page","link":"https:\/\/palazzorivola.com\/de\/geraeumiges-doppelzimmer\/","title":{"rendered":"Ger\u00e4umiges Doppelzimmer"},"content":{"rendered":"\t\t<div data-elementor-type=\"wp-page\" data-elementor-id=\"1731\" class=\"elementor elementor-1731 elementor-377\" data-elementor-post-type=\"page\">\n\t\t\t\t<div class=\"elementor-element elementor-element-2cd298e elementor-hidden-desktop elementor-hidden-tablet e-flex e-con-boxed e-con e-parent\" data-id=\"2cd298e\" data-element_type=\"container\" data-e-type=\"container\">\n\t\t\t\t\t<div class=\"e-con-inner\">\n\t\t\t\t<div class=\"elementor-element elementor-element-c7738d0 elementor-widget elementor-widget-html\" data-id=\"c7738d0\" data-element_type=\"widget\" data-e-type=\"widget\" data-widget_type=\"html.default\">\n\t\t\t\t<div class=\"elementor-widget-container\">\n\t\t\t\t\t<form align=\"center\">\r\n<input type=\"button\" value=\"Geh zur\u00fcck\" onclick=\"history.go(-1);return true;\" name=\"button\">\r\n<input\n                    class=\"apbct_special_field apbct_email_id__elementor_form\"\n                    name=\"apbct__email_id__elementor_form\"\n                    aria-label=\"apbct__label_id__elementor_form\"\n                    type=\"text\" size=\"30\" maxlength=\"200\" autocomplete=\"off\"\n                    value=\"\"\n                \/><\/form>\t\t\t\t<\/div>\n\t\t\t\t<\/div>\n\t\t\t\t\t<\/div>\n\t\t\t\t<\/div>\n\t\t<div class=\"elementor-element elementor-element-e8a41ec elementor-hidden-mobile e-flex e-con-boxed e-con e-parent\" data-id=\"e8a41ec\" data-element_type=\"container\" data-e-type=\"container\">\n\t\t\t\t\t<div class=\"e-con-inner\">\n\t\t\t\t<div class=\"elementor-element elementor-element-bf3b3bf elementor-widget elementor-widget-html\" data-id=\"bf3b3bf\" data-element_type=\"widget\" data-e-type=\"widget\" data-widget_type=\"html.default\">\n\t\t\t\t<div class=\"elementor-widget-container\">\n\t\t\t\t\t<form>\r\n<input type=\"button\" value=\"Geh zur\u00fcck\" onclick=\"history.go(-1);return true;\" name=\"button\">\r\n<input\n                    class=\"apbct_special_field apbct_email_id__elementor_form\"\n                    name=\"apbct__email_id__elementor_form\"\n                    aria-label=\"apbct__label_id__elementor_form\"\n                    type=\"text\" size=\"30\" maxlength=\"200\" autocomplete=\"off\"\n                    value=\"\"\n                \/><\/form>\t\t\t\t<\/div>\n\t\t\t\t<\/div>\n\t\t\t\t\t<\/div>\n\t\t\t\t<\/div>\n\t\t<div class=\"elementor-element elementor-element-d3d3c8e e-flex e-con-boxed e-con e-parent\" data-id=\"d3d3c8e\" data-element_type=\"container\" data-e-type=\"container\">\n\t\t\t\t\t<div class=\"e-con-inner\">\n\t\t\t\t<div class=\"elementor-element elementor-element-7435eb4 elementor-widget elementor-widget-text-editor\" data-id=\"7435eb4\" data-element_type=\"widget\" data-e-type=\"widget\" data-widget_type=\"text-editor.default\">\n\t\t\t\t<div class=\"elementor-widget-container\">\n\t\t\t\t\t\t\t\t\t<p class=\"entry-title\">Ger\u00e4umiges Doppelzimmer<\/p>\t\t\t\t\t\t\t\t<\/div>\n\t\t\t\t<\/div>\n\t\t\t\t\t<\/div>\n\t\t\t\t<\/div>\n\t\t<div class=\"elementor-element elementor-element-2049519 elementor-hidden-desktop elementor-hidden-tablet e-flex e-con-boxed e-con e-parent\" data-id=\"2049519\" data-element_type=\"container\" data-e-type=\"container\">\n\t\t\t\t\t<div class=\"e-con-inner\">\n\t\t\t\t<div class=\"elementor-element elementor-element-746ce3e elementor-widget elementor-widget-text-editor\" data-id=\"746ce3e\" data-element_type=\"widget\" data-e-type=\"widget\" data-widget_type=\"text-editor.default\">\n\t\t\t\t<div class=\"elementor-widget-container\">\n\t\t\t\t\t\t\t\t\t<p>Doppelzimmer mit eigenem Bad und Gartenblick.<\/p><p dir=\"ltr\">Es verf\u00fcgt \u00fcber ein Doppelbett mit der M\u00f6glichkeit, ein Einzelbett hinzuzuf\u00fcgen.<\/p><p dir=\"ltr\">Aus dem gro\u00dfen Fenster hat man einen sch\u00f6nen Blick auf die Unterstadt und die H\u00fcgel.<\/p>\t\t\t\t\t\t\t\t<\/div>\n\t\t\t\t<\/div>\n\t\t\t\t\t<\/div>\n\t\t\t\t<\/div>\n\t\t<div class=\"elementor-element elementor-element-4765f40 elementor-hidden-mobile e-flex e-con-boxed e-con e-parent\" data-id=\"4765f40\" data-element_type=\"container\" data-e-type=\"container\">\n\t\t\t\t\t<div class=\"e-con-inner\">\n\t\t\t\t<div class=\"elementor-element elementor-element-24726aa elementor-widget elementor-widget-text-editor\" data-id=\"24726aa\" data-element_type=\"widget\" data-e-type=\"widget\" data-widget_type=\"text-editor.default\">\n\t\t\t\t<div class=\"elementor-widget-container\">\n\t\t\t\t\t\t\t\t\t<p>Doppelzimmer mit eigenem Bad und Gartenblick.<\/p><p dir=\"ltr\">Es verf\u00fcgt \u00fcber ein Doppelbett mit der M\u00f6glichkeit, ein Einzelbett hinzuzuf\u00fcgen.<\/p><p dir=\"ltr\">Aus dem gro\u00dfen Fenster hat man einen sch\u00f6nen Blick auf die Unterstadt und die H\u00fcgel.<\/p>\t\t\t\t\t\t\t\t<\/div>\n\t\t\t\t<\/div>\n\t\t\t\t\t<\/div>\n\t\t\t\t<\/div>\n\t\t<div class=\"elementor-element elementor-element-0ae08e2 e-flex e-con-boxed e-con e-parent\" data-id=\"0ae08e2\" data-element_type=\"container\" data-e-type=\"container\">\n\t\t\t\t\t<div class=\"e-con-inner\">\n\t\t\t\t<div class=\"elementor-element elementor-element-f5334f8 pp-ins-normal elementor-widget elementor-widget-pp-image-gallery\" data-id=\"f5334f8\" data-element_type=\"widget\" data-e-type=\"widget\" data-widget_type=\"pp-image-gallery.default\">\n\t\t\t\t<div class=\"elementor-widget-container\">\n\t\t\t\t\t\t\t<div class=\"pp-image-gallery-container\" data-settings=\"{&quot;tilt_enable&quot;:&quot;no&quot;,&quot;layout&quot;:&quot;justified&quot;,&quot;image_spacing&quot;:10,&quot;row_height&quot;:148,&quot;last_row&quot;:&quot;justify&quot;,&quot;post_id&quot;:1731,&quot;template_id&quot;:1731,&quot;widget_id&quot;:&quot;f5334f8&quot;}\">\n\t\t\t\t\t\t\t\t\t\t\t<div class=\"pp-image-gallery pp-elementor-grid pp-image-gallery-justified\" id=\"pp-image-gallery-f5334f8\">\n\t\t\t\t\t\t\t\t<div class=\"pp-grid-item-wrap \" data-item-id=\"386\">\n\t\t\t\t<div class=\"pp-grid-item pp-image\">\n\t\t\t\t\t<div class=\"pp-image-gallery-thumbnail-wrap pp-ins-filter-hover\">\n\t\t\t\t\t\t<a data-elementor-open-lightbox=\"yes\" data-elementor-lightbox-slideshow=\"f5334f8\" data-elementor-lightbox-title=\"000119\" data-e-action-hash=\"#elementor-action%3Aaction%3Dlightbox%26settings%3DeyJpZCI6Mzg2LCJ1cmwiOiJodHRwczpcL1wvcGFsYXp6b3Jpdm9sYS5jb21cL3dwLWNvbnRlbnRcL3VwbG9hZHNcLzIwMjRcLzA1XC8wMDAxMTkuanBnIiwic2xpZGVzaG93IjoiZjUzMzRmOCJ9\" class=\"elementor-clickable pp-image-gallery-item-link\" href=\"https:\/\/palazzorivola.com\/wp-content\/uploads\/2024\/05\/000119.jpg\"><div class=\"pp-ins-filter-target pp-image-gallery-thumbnail\"><img decoding=\"async\" class=\"pp-gallery-slide-image\" src=\"https:\/\/palazzorivola.com\/wp-content\/uploads\/2024\/05\/000119.jpg\" alt=\"\" data-no-lazy=\"1\"\/><\/div><div class=\"pp-image-overlay pp-media-overlay\"><\/div><div class=\"pp-gallery-image-content pp-media-content\"><\/div><\/a>\t\t\t\t\t<\/div>\n\t\t\t\t<\/div>\n\t\t\t<\/div>\n\t\t\t\t\t\t<div class=\"pp-grid-item-wrap \" data-item-id=\"390\">\n\t\t\t\t<div class=\"pp-grid-item pp-image\">\n\t\t\t\t\t<div class=\"pp-image-gallery-thumbnail-wrap pp-ins-filter-hover\">\n\t\t\t\t\t\t<a data-elementor-open-lightbox=\"yes\" data-elementor-lightbox-slideshow=\"f5334f8\" data-elementor-lightbox-title=\"000121\" data-e-action-hash=\"#elementor-action%3Aaction%3Dlightbox%26settings%3DeyJpZCI6MzkwLCJ1cmwiOiJodHRwczpcL1wvcGFsYXp6b3Jpdm9sYS5jb21cL3dwLWNvbnRlbnRcL3VwbG9hZHNcLzIwMjRcLzA1XC8wMDAxMjEuanBnIiwic2xpZGVzaG93IjoiZjUzMzRmOCJ9\" class=\"elementor-clickable pp-image-gallery-item-link\" href=\"https:\/\/palazzorivola.com\/wp-content\/uploads\/2024\/05\/000121.jpg\"><div class=\"pp-ins-filter-target pp-image-gallery-thumbnail\"><img decoding=\"async\" class=\"pp-gallery-slide-image\" src=\"https:\/\/palazzorivola.com\/wp-content\/uploads\/2024\/05\/000121.jpg\" alt=\"\" data-no-lazy=\"1\"\/><\/div><div class=\"pp-image-overlay pp-media-overlay\"><\/div><div class=\"pp-gallery-image-content pp-media-content\"><\/div><\/a>\t\t\t\t\t<\/div>\n\t\t\t\t<\/div>\n\t\t\t<\/div>\n\t\t\t\t\t\t<div class=\"pp-grid-item-wrap \" data-item-id=\"394\">\n\t\t\t\t<div class=\"pp-grid-item pp-image\">\n\t\t\t\t\t<div class=\"pp-image-gallery-thumbnail-wrap pp-ins-filter-hover\">\n\t\t\t\t\t\t<a data-elementor-open-lightbox=\"yes\" data-elementor-lightbox-slideshow=\"f5334f8\" data-elementor-lightbox-title=\"000123\" data-e-action-hash=\"#elementor-action%3Aaction%3Dlightbox%26settings%3DeyJpZCI6Mzk0LCJ1cmwiOiJodHRwczpcL1wvcGFsYXp6b3Jpdm9sYS5jb21cL3dwLWNvbnRlbnRcL3VwbG9hZHNcLzIwMjRcLzA1XC8wMDAxMjMuanBnIiwic2xpZGVzaG93IjoiZjUzMzRmOCJ9\" class=\"elementor-clickable pp-image-gallery-item-link\" href=\"https:\/\/palazzorivola.com\/wp-content\/uploads\/2024\/05\/000123.jpg\"><div class=\"pp-ins-filter-target pp-image-gallery-thumbnail\"><img decoding=\"async\" class=\"pp-gallery-slide-image\" src=\"https:\/\/palazzorivola.com\/wp-content\/uploads\/2024\/05\/000123.jpg\" alt=\"\" data-no-lazy=\"1\"\/><\/div><div class=\"pp-image-overlay pp-media-overlay\"><\/div><div class=\"pp-gallery-image-content pp-media-content\"><\/div><\/a>\t\t\t\t\t<\/div>\n\t\t\t\t<\/div>\n\t\t\t<\/div>\n\t\t\t\t\t\t<div class=\"pp-grid-item-wrap \" data-item-id=\"400\">\n\t\t\t\t<div class=\"pp-grid-item pp-image\">\n\t\t\t\t\t<div class=\"pp-image-gallery-thumbnail-wrap pp-ins-filter-hover\">\n\t\t\t\t\t\t<a data-elementor-open-lightbox=\"yes\" data-elementor-lightbox-slideshow=\"f5334f8\" data-elementor-lightbox-title=\"000125\" data-e-action-hash=\"#elementor-action%3Aaction%3Dlightbox%26settings%3DeyJpZCI6NDAwLCJ1cmwiOiJodHRwczpcL1wvcGFsYXp6b3Jpdm9sYS5jb21cL3dwLWNvbnRlbnRcL3VwbG9hZHNcLzIwMjRcLzA1XC8wMDAxMjUuanBnIiwic2xpZGVzaG93IjoiZjUzMzRmOCJ9\" class=\"elementor-clickable pp-image-gallery-item-link\" href=\"https:\/\/palazzorivola.com\/wp-content\/uploads\/2024\/05\/000125.jpg\"><div class=\"pp-ins-filter-target pp-image-gallery-thumbnail\"><img decoding=\"async\" class=\"pp-gallery-slide-image\" src=\"https:\/\/palazzorivola.com\/wp-content\/uploads\/2024\/05\/000125.jpg\" alt=\"\" data-no-lazy=\"1\"\/><\/div><div class=\"pp-image-overlay pp-media-overlay\"><\/div><div class=\"pp-gallery-image-content pp-media-content\"><\/div><\/a>\t\t\t\t\t<\/div>\n\t\t\t\t<\/div>\n\t\t\t<\/div>\n\t\t\t\t\t\t<div class=\"pp-grid-item-wrap \" data-item-id=\"402\">\n\t\t\t\t<div class=\"pp-grid-item pp-image\">\n\t\t\t\t\t<div class=\"pp-image-gallery-thumbnail-wrap pp-ins-filter-hover\">\n\t\t\t\t\t\t<a data-elementor-open-lightbox=\"yes\" data-elementor-lightbox-slideshow=\"f5334f8\" data-elementor-lightbox-title=\"000187\" data-e-action-hash=\"#elementor-action%3Aaction%3Dlightbox%26settings%3DeyJpZCI6NDAyLCJ1cmwiOiJodHRwczpcL1wvcGFsYXp6b3Jpdm9sYS5jb21cL3dwLWNvbnRlbnRcL3VwbG9hZHNcLzIwMjRcLzA1XC8wMDAxODcuanBnIiwic2xpZGVzaG93IjoiZjUzMzRmOCJ9\" class=\"elementor-clickable pp-image-gallery-item-link\" href=\"https:\/\/palazzorivola.com\/wp-content\/uploads\/2024\/05\/000187.jpg\"><div class=\"pp-ins-filter-target pp-image-gallery-thumbnail\"><img decoding=\"async\" class=\"pp-gallery-slide-image\" src=\"https:\/\/palazzorivola.com\/wp-content\/uploads\/2024\/05\/000187.jpg\" alt=\"\" data-no-lazy=\"1\"\/><\/div><div class=\"pp-image-overlay pp-media-overlay\"><\/div><div class=\"pp-gallery-image-content pp-media-content\"><\/div><\/a>\t\t\t\t\t<\/div>\n\t\t\t\t<\/div>\n\t\t\t<\/div>\n\t\t\t\t\t\t<div class=\"pp-grid-item-wrap \" data-item-id=\"404\">\n\t\t\t\t<div class=\"pp-grid-item pp-image\">\n\t\t\t\t\t<div class=\"pp-image-gallery-thumbnail-wrap pp-ins-filter-hover\">\n\t\t\t\t\t\t<a data-elementor-open-lightbox=\"yes\" data-elementor-lightbox-slideshow=\"f5334f8\" data-elementor-lightbox-title=\"000188\" data-e-action-hash=\"#elementor-action%3Aaction%3Dlightbox%26settings%3DeyJpZCI6NDA0LCJ1cmwiOiJodHRwczpcL1wvcGFsYXp6b3Jpdm9sYS5jb21cL3dwLWNvbnRlbnRcL3VwbG9hZHNcLzIwMjRcLzA1XC8wMDAxODguanBnIiwic2xpZGVzaG93IjoiZjUzMzRmOCJ9\" class=\"elementor-clickable pp-image-gallery-item-link\" href=\"https:\/\/palazzorivola.com\/wp-content\/uploads\/2024\/05\/000188.jpg\"><div class=\"pp-ins-filter-target pp-image-gallery-thumbnail\"><img decoding=\"async\" class=\"pp-gallery-slide-image\" src=\"https:\/\/palazzorivola.com\/wp-content\/uploads\/2024\/05\/000188.jpg\" alt=\"\" data-no-lazy=\"1\"\/><\/div><div class=\"pp-image-overlay pp-media-overlay\"><\/div><div class=\"pp-gallery-image-content pp-media-content\"><\/div><\/a>\t\t\t\t\t<\/div>\n\t\t\t\t<\/div>\n\t\t\t<\/div>\n\t\t\t\t\t\t<div class=\"pp-grid-item-wrap \" data-item-id=\"392\">\n\t\t\t\t<div class=\"pp-grid-item pp-image\">\n\t\t\t\t\t<div class=\"pp-image-gallery-thumbnail-wrap pp-ins-filter-hover\">\n\t\t\t\t\t\t<a data-elementor-open-lightbox=\"yes\" data-elementor-lightbox-slideshow=\"f5334f8\" data-elementor-lightbox-title=\"000122\" data-e-action-hash=\"#elementor-action%3Aaction%3Dlightbox%26settings%3DeyJpZCI6MzkyLCJ1cmwiOiJodHRwczpcL1wvcGFsYXp6b3Jpdm9sYS5jb21cL3dwLWNvbnRlbnRcL3VwbG9hZHNcLzIwMjRcLzA1XC8wMDAxMjIuanBnIiwic2xpZGVzaG93IjoiZjUzMzRmOCJ9\" class=\"elementor-clickable pp-image-gallery-item-link\" href=\"https:\/\/palazzorivola.com\/wp-content\/uploads\/2024\/05\/000122.jpg\"><div class=\"pp-ins-filter-target pp-image-gallery-thumbnail\"><img decoding=\"async\" class=\"pp-gallery-slide-image\" src=\"https:\/\/palazzorivola.com\/wp-content\/uploads\/2024\/05\/000122.jpg\" alt=\"\" data-no-lazy=\"1\"\/><\/div><div class=\"pp-image-overlay pp-media-overlay\"><\/div><div class=\"pp-gallery-image-content pp-media-content\"><\/div><\/a>\t\t\t\t\t<\/div>\n\t\t\t\t<\/div>\n\t\t\t<\/div>\n\t\t\t\t\t\t\t<\/div>\n\t\t\t\t\t\t<\/div>\n\t\t\t\t\t\t<\/div>\n\t\t\t\t<\/div>\n\t\t\t\t\t<\/div>\n\t\t\t\t<\/div>\n\t\t\t\t<\/div>\n\t\t","protected":false},"excerpt":{"rendered":"<p>Ger\u00e4umiges Doppelzimmer Doppelzimmer mit eigenem Bad und Gartenblick. Es verf\u00fcgt \u00fcber ein Doppelbett mit der M\u00f6glichkeit, ein Einzelbett hinzuzuf\u00fcgen. Aus dem gro\u00dfen Fenster hat man einen sch\u00f6nen Blick auf die Unterstadt und die H\u00fcgel. Doppelzimmer mit eigenem Bad und Gartenblick. Es verf\u00fcgt \u00fcber ein Doppelbett mit der M\u00f6glichkeit, ein Einzelbett hinzuzuf\u00fcgen. Aus dem gro\u00dfen Fenster [&hellip;]<\/p>\n","protected":false},"author":1,"featured_media":0,"parent":0,"menu_order":0,"comment_status":"closed","ping_status":"closed","template":"","meta":{"_seopress_robots_primary_cat":"","_seopress_titles_title":"","_seopress_titles_desc":"","_seopress_robots_index":"","footnotes":""},"class_list":["post-1731","page","type-page","status-publish","hentry"],"_links":{"self":[{"href":"https:\/\/palazzorivola.com\/de\/wp-json\/wp\/v2\/pages\/1731","targetHints":{"allow":["GET"]}}],"collection":[{"href":"https:\/\/palazzorivola.com\/de\/wp-json\/wp\/v2\/pages"}],"about":[{"href":"https:\/\/palazzorivola.com\/de\/wp-json\/wp\/v2\/types\/page"}],"author":[{"embeddable":true,"href":"https:\/\/palazzorivola.com\/de\/wp-json\/wp\/v2\/users\/1"}],"replies":[{"embeddable":true,"href":"https:\/\/palazzorivola.com\/de\/wp-json\/wp\/v2\/comments?post=1731"}],"version-history":[{"count":0,"href":"https:\/\/palazzorivola.com\/de\/wp-json\/wp\/v2\/pages\/1731\/revisions"}],"wp:attachment":[{"href":"https:\/\/palazzorivola.com\/de\/wp-json\/wp\/v2\/media?parent=1731"}],"curies":[{"name":"wp","href":"https:\/\/api.w.org\/{rel}","templated":true}]}}